{"id":1255,"date":"2021-06-25T17:35:56","date_gmt":"2021-06-25T15:35:56","guid":{"rendered":"https:\/\/jaimelethe.com\/frequently-asked-questions\/"},"modified":"2022-04-08T11:18:32","modified_gmt":"2022-04-08T09:18:32","slug":"frequently-asked-questions","status":"publish","type":"page","link":"https:\/\/jaimelethe.com\/en\/frequently-asked-questions\/","title":{"rendered":"Frequently Asked Questions"},"content":{"rendered":"<section class=\"l-section wpb_row height_medium\"><div class=\"l-section-h i-cf\"><div class=\"g-cols vc_row via_flex valign_top type_default stacking_default\"><div class=\"vc_col-sm-12 wpb_column vc_column_container\"><div class=\"vc_column-inner\"><div class=\"wpb_wrapper\"><div class=\"wpb_text_column\"><div class=\"wpb_wrapper\"><h1 style=\"text-align: center;\">Frequently Asked Questions<\/h1>\n<\/div><\/div><div class=\"wpb_text_column\"><div class=\"wpb_wrapper\"><div class=\"wpb_text_column\">\n<div class=\"wpb_wrapper\">\n<p style=\"text-align: center;\">You need help or additional information, contact us <a href=\"https:\/\/jaimelethe.com\/en\/contact\/\">here.<\/a><\/p>\n<\/div>\n<\/div>\n<\/div><\/div><\/div><\/div><\/div><\/div><\/div><\/section><section class=\"l-section wpb_row height_medium\"><div class=\"l-section-h i-cf\"><div class=\"g-cols vc_row via_flex valign_middle type_default stacking_default\"><div class=\"vc_col-sm-6 wpb_column vc_column_container\"><div class=\"vc_column-inner\"><div class=\"wpb_wrapper\"><div class=\"wpb_text_column\"><div class=\"wpb_wrapper\"><h3 style=\"text-align: center;\">My account<\/h3>\n<\/div><\/div><div class=\"w-tabs us_custom_89477bc8 style_default switch_click accordion has_scrolling\" style=\"--sections-title-size:inherit\"><div class=\"w-tabs-sections titles-align_none icon_plus cpos_right\"><div class=\"w-tabs-section\" id=\"j7ce\"><button class=\"w-tabs-section-header\" aria-controls=\"content-j7ce\" aria-expanded=\"false\"><div class=\"w-tabs-section-title\">How do I create my account on the site?<\/div><div class=\"w-tabs-section-control\"><\/div><\/button><div  class=\"w-tabs-section-content\" id=\"content-j7ce\"><div class=\"w-tabs-section-content-h i-cf\"><div class=\"wpb_text_column\"><div class=\"wpb_wrapper\"><p>In order to be able to please you on our site and order our organic teas and infusions, you must create an account. It&#8217;s very simple and it takes a few seconds. For this, 2 solutions are available to you:<\/p>\n<ul>\n<li>Soit vous cr\u00e9ez votre compte client en cliquant sur l\u2019ic\u00f4ne <em>compte<\/em>, \u00e0 c\u00f4t\u00e9 de l\u2019ic\u00f4ne <em>panier<\/em> dans le menu. Vous pourrez ainsi vous enregistrer en renseignant votre adresse e-mail. Un mot de passe personnel vous sera envoy\u00e9 par la suite. Et voil\u00e0, c\u2019est fait\u00a0!<\/li>\n<li>Soit vous aoutez dans un premier temps vos articles au panier et lors de la validation de votre commande, vous pourrez cr\u00e9er votre compte en renseignant vos donn\u00e9es personnelles.<\/li>\n<\/ul>\n<\/div><\/div><\/div><\/div><\/div><div class=\"w-tabs-section\" id=\"ja00\"><button class=\"w-tabs-section-header\" aria-controls=\"content-ja00\" aria-expanded=\"false\"><div class=\"w-tabs-section-title\">How do I change my addresses?<\/div><div class=\"w-tabs-section-control\"><\/div><\/button><div  class=\"w-tabs-section-content\" id=\"content-ja00\"><div class=\"w-tabs-section-content-h i-cf\"><div class=\"wpb_text_column\"><div class=\"wpb_wrapper\"><p>Have you changed your delivery or billing address? Do not panic ! You can change them very easily. For this, 2 solutions are available to you:<\/p>\n<ul>\n<li>Either go to the bottom of the site, section &#8220;Account &#8211; My addresses&#8221;<\/li>\n<li>Either click on the &#8220;Account&#8221; icon in the menu, then in the &#8220;Addresses&#8221; section, once logged in.<\/li>\n<\/ul>\n<p>Once in the \u201cAddresses\u201d section, you can modify your addresses by clicking on \u201cEdit\u201d. Remember to click on the &#8220;Save address&#8221; button once you have made the changes.<\/p>\n<\/div><\/div><\/div><\/div><\/div><div class=\"w-tabs-section\" id=\"ubc1\"><button class=\"w-tabs-section-header\" aria-controls=\"content-ubc1\" aria-expanded=\"false\"><div class=\"w-tabs-section-title\">How do I change my information?<\/div><div class=\"w-tabs-section-control\"><\/div><\/button><div  class=\"w-tabs-section-content\" id=\"content-ubc1\"><div class=\"w-tabs-section-content-h i-cf\"><div class=\"wpb_text_column\"><div class=\"wpb_wrapper\"><p>Have you changed your phone number or last name? You can modify this information from your customer account &#8211; \u201cAccount details\u201d section. Remember to click on the &#8220;Save changes&#8221; button once you&#8217;ve made your changes.<\/p>\n<\/div><\/div><\/div><\/div><\/div><div class=\"w-tabs-section\" id=\"sdeb\"><button class=\"w-tabs-section-header\" aria-controls=\"content-sdeb\" aria-expanded=\"false\"><div class=\"w-tabs-section-title\">I forgot my password, what should I do?<\/div><div class=\"w-tabs-section-control\"><\/div><\/button><div  class=\"w-tabs-section-content\" id=\"content-sdeb\"><div class=\"w-tabs-section-content-h i-cf\"><div class=\"wpb_text_column\"><div class=\"wpb_wrapper\"><p>Forgot your password ? Don&#8217;t worry, it happens to everyone \ud83d\ude42 Just click on &#8220;Lost password?&#8221; &#8220;. You will be redirected to a new page asking you to enter your username or email address associated with your account. Subsequently, you will receive a link by email to create a brand new new password.<\/p>\n<\/div><\/div><\/div><\/div><\/div><\/div><\/div><\/div><\/div><\/div><div class=\"vc_col-sm-6 wpb_column vc_column_container\"><div class=\"vc_column-inner\"><div class=\"wpb_wrapper\"><div class=\"w-image align_center\"><div class=\"w-image-h\"><img decoding=\"async\" width=\"616\" height=\"359\" src=\"https:\/\/jaimelethe.com\/wp-content\/uploads\/2021\/05\/faq_compte.png\" class=\"attachment-large size-large\" alt=\"\" loading=\"lazy\" srcset=\"https:\/\/jaimelethe.com\/wp-content\/uploads\/2021\/05\/faq_compte.png 616w, https:\/\/jaimelethe.com\/wp-content\/uploads\/2021\/05\/faq_compte-300x175.png 300w, https:\/\/jaimelethe.com\/wp-content\/uploads\/2021\/05\/faq_compte-600x350.png 600w\" sizes=\"auto, (max-width: 616px) 100vw, 616px\" \/><\/div><\/div><\/div><\/div><\/div><\/div><\/div><\/section><section class=\"l-section wpb_row height_medium\"><div class=\"l-section-h i-cf\"><div class=\"g-cols vc_row via_flex valign_middle type_default stacking_default\"><div class=\"vc_col-sm-6 wpb_column vc_column_container\"><div class=\"vc_column-inner\"><div class=\"wpb_wrapper\"><div class=\"w-image align_center\"><div class=\"w-image-h\"><img decoding=\"async\" width=\"616\" height=\"359\" src=\"https:\/\/jaimelethe.com\/wp-content\/uploads\/2021\/05\/faq_achat_en_ligne.png\" class=\"attachment-large size-large\" alt=\"\" loading=\"lazy\" srcset=\"https:\/\/jaimelethe.com\/wp-content\/uploads\/2021\/05\/faq_achat_en_ligne.png 616w, https:\/\/jaimelethe.com\/wp-content\/uploads\/2021\/05\/faq_achat_en_ligne-300x175.png 300w, https:\/\/jaimelethe.com\/wp-content\/uploads\/2021\/05\/faq_achat_en_ligne-600x350.png 600w\" sizes=\"auto, (max-width: 616px) 100vw, 616px\" \/><\/div><\/div><\/div><\/div><\/div><div class=\"vc_col-sm-6 wpb_column vc_column_container\"><div class=\"vc_column-inner\"><div class=\"wpb_wrapper\"><div class=\"wpb_text_column\"><div class=\"wpb_wrapper\"><h3 style=\"text-align: center;\">My online purchase<\/h3>\n<\/div><\/div><div class=\"w-tabs us_custom_89477bc8 style_default switch_click accordion has_scrolling\" style=\"--sections-title-size:inherit\"><div class=\"w-tabs-sections titles-align_none icon_plus cpos_right\"><div class=\"w-tabs-section\" id=\"zd71\"><button class=\"w-tabs-section-header\" aria-controls=\"content-zd71\" aria-expanded=\"false\"><div class=\"w-tabs-section-title\">Are my payments secure?<\/div><div class=\"w-tabs-section-control\"><\/div><\/button><div  class=\"w-tabs-section-content\" id=\"content-zd71\"><div class=\"w-tabs-section-content-h i-cf\"><div class=\"wpb_text_column\"><div class=\"wpb_wrapper\"><p>Yes, they are completely secure. We use SSL (Secure Socket Layer) authentication and encryption of your information to ensure the confidentiality of online transactions made on the site. You can pay your orders with peace of mind \ud83d\ude42 Of course, our team remains at your disposal for any further information.<\/p>\n<\/div><\/div><\/div><\/div><\/div><div class=\"w-tabs-section\" id=\"qfc0\"><button class=\"w-tabs-section-header\" aria-controls=\"content-qfc0\" aria-expanded=\"false\"><div class=\"w-tabs-section-title\">I made a mistake in my order, what should I do?<\/div><div class=\"w-tabs-section-control\"><\/div><\/button><div  class=\"w-tabs-section-content\" id=\"content-qfc0\"><div class=\"w-tabs-section-content-h i-cf\"><div class=\"wpb_text_column\"><div class=\"wpb_wrapper\"><p>In order to ensure top delivery, your order is processed quickly by our order preparation service. After validation of this by our team, we will no longer be able to interrupt the process of preparing and shipping your order.<\/p>\n<p>Upon receipt of your order, do you realize that you made a mistake, whether it be the reference or the quantity on one or more products? It happens ! In this case, we invite you to quickly contact our customer service here.<\/p>\n<p>Otherwise, you have 14 days from the day of receipt of your order to contact our service. Beyond this period, the product (s) concerned cannot be taken back. There are two solutions available to you when you return (cost at your expense): you can request a refund or an exchange. To find out more, you can consult our pages: Delivery and returns + General Conditions, everything is well explained inside \ud83d\ude42<\/p>\n<\/div><\/div><\/div><\/div><\/div><div class=\"w-tabs-section\" id=\"s1c2\"><button class=\"w-tabs-section-header\" aria-controls=\"content-s1c2\" aria-expanded=\"false\"><div class=\"w-tabs-section-title\">How to use my promo code?<\/div><div class=\"w-tabs-section-control\"><\/div><\/button><div  class=\"w-tabs-section-content\" id=\"content-s1c2\"><div class=\"w-tabs-section-content-h i-cf\"><div class=\"wpb_text_column\"><div class=\"wpb_wrapper\"><p>Wow, did you manage to find a promo code? Great ! To use it, it&#8217;s very easy. All you have to do is enter your code in the field entitled &#8220;Promo code&#8221; in your basket, when summarizing your order. Once the code has been entered, click on the &#8220;Apply promo code&#8221; button to validate your code.<\/p>\n<p>For information, if you forget to enter your promo code, our team will not be able to add this code after registering your order. We therefore invite you to check that it appears on the summary of your order before confirming it.<\/p>\n<\/div><\/div><\/div><\/div><\/div><div class=\"w-tabs-section\" id=\"b399\"><button class=\"w-tabs-section-header\" aria-controls=\"content-b399\" aria-expanded=\"false\"><div class=\"w-tabs-section-title\">I forgot my password, what should I do?<\/div><div class=\"w-tabs-section-control\"><\/div><\/button><div  class=\"w-tabs-section-content\" id=\"content-b399\"><div class=\"w-tabs-section-content-h i-cf\"><div class=\"wpb_text_column\"><div class=\"wpb_wrapper\"><p>Your promo code is not working? It could be for several reasons.<\/p>\n<p>First, make sure you are logged into your account before entering your promo code. Indeed, some promo codes are reserved for certain members registered on the site. If you enter your code before logging in, our system will not be able to determine if you are eligible for the offer you are trying to take advantage of.<\/p>\n<p>Otherwise, we invite you to check that there is no space at the end or at the beginning of the promo code entered. Sometimes, by copying and pasting, a space is inserted at the end of the promo code.<\/p>\n<p>The promo code you entered may also no longer be valid. We invite you to make sure that the code you are trying to enter has not expired, quite simply!<\/p>\n<p>Once you have verified all these elements and your promo code still does not work, we invite you to contact us.<\/p>\n<\/div><\/div><\/div><\/div><\/div><div class=\"w-tabs-section\" id=\"1621529971474-079b3186-6b43\"><button class=\"w-tabs-section-header\" aria-controls=\"content-1621529971474-079b3186-6b43\" aria-expanded=\"false\"><div class=\"w-tabs-section-title\">How to stop a subscription?<\/div><div class=\"w-tabs-section-control\"><\/div><\/button><div  class=\"w-tabs-section-content\" id=\"content-1621529971474-079b3186-6b43\"><div class=\"w-tabs-section-content-h i-cf\"><div class=\"wpb_text_column\"><div class=\"wpb_wrapper\"><p>If you have subscribed to a tea box subscription, you can unsubscribe at any time, by sending an email to contact@jaimelethe.com or by going to the contact page of the site. You can also go directly to the Ouipay.eu buyer area \u2013 \u201cNeed to stop a renewal\u201d tab, accessible at <a href=\"https:\/\/www.ouipay.eu\/\">this address.<\/a><\/p>\n<\/div><\/div><\/div><\/div><\/div><\/div><\/div><\/div><\/div><\/div><\/div><\/div><\/section><section class=\"l-section wpb_row height_medium\"><div class=\"l-section-h i-cf\"><div class=\"g-cols vc_row via_flex valign_middle type_default stacking_default\"><div class=\"vc_col-sm-6 wpb_column vc_column_container\"><div class=\"vc_column-inner\"><div class=\"wpb_wrapper\"><div class=\"wpb_text_column\"><div class=\"wpb_wrapper\"><h3 style=\"text-align: center;\">Delivery &amp; Tracking<\/h3>\n<\/div><\/div><div class=\"w-tabs us_custom_89477bc8 style_default switch_click accordion has_scrolling\" style=\"--sections-title-size:inherit\"><div class=\"w-tabs-sections titles-align_none icon_plus cpos_right\"><div class=\"w-tabs-section\" id=\"u663\"><button class=\"w-tabs-section-header\" aria-controls=\"content-u663\" aria-expanded=\"false\"><div class=\"w-tabs-section-title\">How do I know if my order is confirmed?<\/div><div class=\"w-tabs-section-control\"><\/div><\/button><div  class=\"w-tabs-section-content\" id=\"content-u663\"><div class=\"w-tabs-section-content-h i-cf\"><div class=\"wpb_text_column\"><div class=\"wpb_wrapper\"><p>Once you have made your awesome purchase (and many more after :)) on our site, you will receive several emails:<\/p>\n<p>A first e-mail confirming that your order has been registered by our team.<\/p>\n<p>A second e-mail informing you of the departure of your package in which a link will give you access to the carrier&#8217;s website to track your package.<\/p>\n<p>Note: it is possible that one of these emails arrives in your SPAMS. Consider taking a quick look at your spam emails, they might be there \ud83d\ude42<\/p>\n<\/div><\/div><\/div><\/div><\/div><div class=\"w-tabs-section\" id=\"x813\"><button class=\"w-tabs-section-header\" aria-controls=\"content-x813\" aria-expanded=\"false\"><div class=\"w-tabs-section-title\">What are the delivery times ?<\/div><div class=\"w-tabs-section-control\"><\/div><\/button><div  class=\"w-tabs-section-content\" id=\"content-x813\"><div class=\"w-tabs-section-content-h i-cf\"><div class=\"wpb_text_column\"><div class=\"wpb_wrapper\"><p>Orders placed on our site are generally prepared within 24\/48 hours. If you place your order before 2:00 p.m. (French time zone), you will receive your products within 48 hours. After 2:00 p.m., you will receive your products within 72 hours. If you place an order between Friday after 2 p.m. and Sunday evening, the shipment will be made no later than the following Wednesday.<\/p>\n<\/div><\/div><\/div><\/div><\/div><div class=\"w-tabs-section\" id=\"l9d3\"><button class=\"w-tabs-section-header\" aria-controls=\"content-l9d3\" aria-expanded=\"false\"><div class=\"w-tabs-section-title\">I got the wrong address, what should I do?<\/div><div class=\"w-tabs-section-control\"><\/div><\/button><div  class=\"w-tabs-section-content\" id=\"content-l9d3\"><div class=\"w-tabs-section-content-h i-cf\"><div class=\"wpb_text_column\"><div class=\"wpb_wrapper\"><p>In order to ensure top delivery, your order is processed quickly by our order preparation service. Any request to change an address from the receipt of the email confirming the acceptance of your order cannot therefore be taken into account.<\/p>\n<p>If you have not yet received the confirmation email that your order has been taken into account, quickly send your request for modification to our team who will do their utmost to make the requested modification, in the event that the preparation of your order does not would not have started.<\/p>\n<p>In the event that our team has not been able to make the desired change, we will send a request to the carrier. However, we cannot guarantee that the latter will be able to modify your address.<\/p>\n<\/div><\/div><\/div><\/div><\/div><\/div><\/div><\/div><\/div><\/div><div class=\"vc_col-sm-6 wpb_column vc_column_container\"><div class=\"vc_column-inner\"><div class=\"wpb_wrapper\"><div class=\"w-image align_center\"><div class=\"w-image-h\"><img decoding=\"async\" width=\"616\" height=\"359\" src=\"https:\/\/jaimelethe.com\/wp-content\/uploads\/2021\/05\/faq_livraison_suivi.png\" class=\"attachment-large size-large\" alt=\"\" loading=\"lazy\" srcset=\"https:\/\/jaimelethe.com\/wp-content\/uploads\/2021\/05\/faq_livraison_suivi.png 616w, https:\/\/jaimelethe.com\/wp-content\/uploads\/2021\/05\/faq_livraison_suivi-300x175.png 300w, https:\/\/jaimelethe.com\/wp-content\/uploads\/2021\/05\/faq_livraison_suivi-600x350.png 600w\" sizes=\"auto, (max-width: 616px) 100vw, 616px\" \/><\/div><\/div><\/div><\/div><\/div><\/div><\/div><\/section><section class=\"l-section wpb_row height_medium\"><div class=\"l-section-h i-cf\"><div class=\"g-cols vc_row via_flex valign_middle type_default stacking_default\"><div class=\"vc_col-sm-6 wpb_column vc_column_container\"><div class=\"vc_column-inner\"><div class=\"wpb_wrapper\"><div class=\"w-image align_center\"><div class=\"w-image-h\"><img decoding=\"async\" width=\"616\" height=\"359\" src=\"https:\/\/jaimelethe.com\/wp-content\/uploads\/2021\/05\/faq_produits.png\" class=\"attachment-large size-large\" alt=\"\" loading=\"lazy\" srcset=\"https:\/\/jaimelethe.com\/wp-content\/uploads\/2021\/05\/faq_produits.png 616w, https:\/\/jaimelethe.com\/wp-content\/uploads\/2021\/05\/faq_produits-300x175.png 300w, https:\/\/jaimelethe.com\/wp-content\/uploads\/2021\/05\/faq_produits-600x350.png 600w\" sizes=\"auto, (max-width: 616px) 100vw, 616px\" \/><\/div><\/div><\/div><\/div><\/div><div class=\"vc_col-sm-6 wpb_column vc_column_container\"><div class=\"vc_column-inner\"><div class=\"wpb_wrapper\"><div class=\"wpb_text_column\"><div class=\"wpb_wrapper\"><h3 style=\"text-align: center;\">Products<\/h3>\n<\/div><\/div><div class=\"w-tabs us_custom_89477bc8 style_default switch_click accordion has_scrolling\" style=\"--sections-title-size:inherit\"><div class=\"w-tabs-sections titles-align_none icon_plus cpos_right\"><div class=\"w-tabs-section\" id=\"p519\"><button class=\"w-tabs-section-header\" aria-controls=\"content-p519\" aria-expanded=\"false\"><div class=\"w-tabs-section-title\">Are all the products offered organic?<\/div><div class=\"w-tabs-section-control\"><\/div><\/button><div  class=\"w-tabs-section-content\" id=\"content-p519\"><div class=\"w-tabs-section-content-h i-cf\"><div class=\"wpb_text_column\"><div class=\"wpb_wrapper\"><p>Jaimeleth\u00e9.com is committed to a responsible and sustainable tea sourcing process. We assure you that all of our products (teas, rooibos, herbal teas) offered on the site are from organic farming.<\/p>\n<\/div><\/div><\/div><\/div><\/div><div class=\"w-tabs-section\" id=\"s6c2\"><button class=\"w-tabs-section-header\" aria-controls=\"content-s6c2\" aria-expanded=\"false\"><div class=\"w-tabs-section-title\">Where do the infusions come from?<\/div><div class=\"w-tabs-section-control\"><\/div><\/button><div  class=\"w-tabs-section-content\" id=\"content-s6c2\"><div class=\"w-tabs-section-content-h i-cf\"><div class=\"wpb_text_column\"><div class=\"wpb_wrapper\"><p>The infusions sold on the jaimeleth\u00e9.com site come from all over the world. Our team has chosen the best organic teas in the world for you. The majority of our infusions come from the largest tea producers in China, Japan or Asia.<\/p>\n<\/div><\/div><\/div><\/div><\/div><div class=\"w-tabs-section\" id=\"p86f\"><button class=\"w-tabs-section-header\" aria-controls=\"content-p86f\" aria-expanded=\"false\"><div class=\"w-tabs-section-title\">How to best preserve my products?<\/div><div class=\"w-tabs-section-control\"><\/div><\/button><div  class=\"w-tabs-section-content\" id=\"content-p86f\"><div class=\"w-tabs-section-content-h i-cf\"><div class=\"wpb_text_column\"><div class=\"wpb_wrapper\"><p>To best preserve the taste and quality of our teas, herbal teas &#8230; we advise you to keep your infusions in their original packaging, protected from light and humidity. This will allow you to benefit from the unique flavors of your infusion.<\/p>\n<\/div><\/div><\/div><\/div><\/div><\/div><\/div><\/div><\/div><\/div><\/div><\/div><\/section><section class=\"l-section wpb_row height_medium\"><div class=\"l-section-h i-cf\"><div class=\"g-cols vc_row via_flex valign_top type_default stacking_default\"><div class=\"vc_col-sm-12 wpb_column vc_column_container\"><div class=\"vc_column-inner\"><div class=\"wpb_wrapper\"><div class=\"w-actionbox us_custom_9cf479d2 color_primary controls_right\"><div class=\"w-actionbox-text\"><h2 class=\"w-actionbox-title\">Need help ?<\/h2><div class=\"w-actionbox-description\"><p>You haven&#8217;t found the answer to your question? Contact our team!<\/p>\n<\/div><\/div><div class=\"w-actionbox-controls\"><a class=\"w-btn us-btn-style_2\" title=\"Contact\" href=\"https:\/\/jaimelethe.com\/en\/contact\/\"><span class=\"w-btn-label\">Contact us<\/span><\/a><\/div><\/div><\/div><\/div><\/div><\/div><\/div><\/section>\n","protected":false},"excerpt":{"rendered":"Frequently Asked Questions You need help or additional information, contact us here. My account How do I create my account on the site?In order to be able to please you on our site and order our organic teas and infusions, you must create an account. It&#8217;s very simple and it takes a few seconds. For...","protected":false},"author":1,"featured_media":0,"parent":0,"menu_order":0,"comment_status":"closed","ping_status":"closed","template":"","meta":{"footnotes":""},"class_list":["post-1255","page","type-page","status-publish","hentry"],"_links":{"self":[{"href":"https:\/\/jaimelethe.com\/en\/wp-json\/wp\/v2\/pages\/1255","targetHints":{"allow":["GET"]}}],"collection":[{"href":"https:\/\/jaimelethe.com\/en\/wp-json\/wp\/v2\/pages"}],"about":[{"href":"https:\/\/jaimelethe.com\/en\/wp-json\/wp\/v2\/types\/page"}],"author":[{"embeddable":true,"href":"https:\/\/jaimelethe.com\/en\/wp-json\/wp\/v2\/users\/1"}],"replies":[{"embeddable":true,"href":"https:\/\/jaimelethe.com\/en\/wp-json\/wp\/v2\/comments?post=1255"}],"version-history":[{"count":4,"href":"https:\/\/jaimelethe.com\/en\/wp-json\/wp\/v2\/pages\/1255\/revisions"}],"predecessor-version":[{"id":1473,"href":"https:\/\/jaimelethe.com\/en\/wp-json\/wp\/v2\/pages\/1255\/revisions\/1473"}],"wp:attachment":[{"href":"https:\/\/jaimelethe.com\/en\/wp-json\/wp\/v2\/media?parent=1255"}],"curies":[{"name":"wp","href":"https:\/\/api.w.org\/{rel}","templated":true}]}}